{"id":99,"date":"2019-05-07T11:32:57","date_gmt":"2019-05-07T09:32:57","guid":{"rendered":"http:\/\/mehdiklein.com\/tw\/?page_id=99"},"modified":"2019-11-28T16:40:44","modified_gmt":"2019-11-28T15:40:44","slug":"namyah","status":"publish","type":"page","link":"https:\/\/trustwonder.com\/en\/namyah\/","title":{"rendered":"NAMYAH"},"content":{"rendered":"\t\t<div data-elementor-type=\"wp-post\" data-elementor-id=\"99\" class=\"elementor elementor-99\" data-elementor-settings=\"[]\">\n\t\t\t<div class=\"elementor-inner\">\n\t\t\t\t<div class=\"elementor-section-wrap\">\n\t\t\t\t\t\t\t<section class=\"elementor-element elementor-element-3155303d elementor-section-boxed elementor-section-height-default elementor-section-height-default elementor-section elementor-top-section\" data-id=\"3155303d\" data-element_type=\"section\">\n\t\t\t\t\t\t<div class=\"elementor-container elementor-column-gap-default\">\n\t\t\t\t<div class=\"elementor-row\">\n\t\t\t\t<div class=\"elementor-element elementor-element-764e346c elementor-column elementor-col-100 elementor-top-column\" data-id=\"764e346c\" data-element_type=\"column\">\n\t\t\t<div class=\"elementor-column-wrap  elementor-element-populated\">\n\t\t\t\t\t<div class=\"elementor-widget-wrap\">\n\t\t\t\t<div class=\"elementor-element elementor-element-2cb2edd4 elementor-invisible elementor-widget elementor-widget-heading\" data-id=\"2cb2edd4\" data-element_type=\"widget\" data-settings=\"{&quot;_animation&quot;:&quot;fadeInRight&quot;}\" data-widget_type=\"heading.default\">\n\t\t\t\t<div class=\"elementor-widget-container\">\n\t\t\t<h3 class=\"elementor-heading-title elementor-size-default\">COURT-M\u00c9TRAGE - NAMYAH<\/h3>\t\t<\/div>\n\t\t\t\t<\/div>\n\t\t\t\t\t\t<\/div>\n\t\t\t<\/div>\n\t\t<\/div>\n\t\t\t\t\t\t<\/div>\n\t\t\t<\/div>\n\t\t<\/section>\n\t\t\t\t<section class=\"elementor-element elementor-element-59aa4f76 elementor-section-boxed elementor-section-height-default elementor-section-height-default elementor-section elementor-top-section\" data-id=\"59aa4f76\" data-element_type=\"section\">\n\t\t\t\t\t\t<div class=\"elementor-container elementor-column-gap-default\">\n\t\t\t\t<div class=\"elementor-row\">\n\t\t\t\t<div class=\"elementor-element elementor-element-3c2266fc elementor-column elementor-col-66 elementor-top-column\" data-id=\"3c2266fc\" data-element_type=\"column\">\n\t\t\t<div class=\"elementor-column-wrap  elementor-element-populated\">\n\t\t\t\t\t<div class=\"elementor-widget-wrap\">\n\t\t\t\t<div class=\"elementor-element elementor-element-4addf6cc elementor-widget elementor-widget-text-editor\" data-id=\"4addf6cc\" data-element_type=\"widget\" data-widget_type=\"text-editor.default\">\n\t\t\t\t<div class=\"elementor-widget-container\">\n\t\t\t\t\t<div class=\"elementor-text-editor elementor-clearfix\"><p>Le\u00a0film est de style fantastique et raconte l\u2019histoire d\u2019une petite orpheline,\u00a0Namyah, dans un contexte s&#8217;apparentant au XIX<sup>e<\/sup>si\u00e8cle. On y d\u00e9couvre son combat contre l\u2019injustice de la vie : pourquoi doit-elle vivre dans la mis\u00e8re alors que d\u2019autres ne manquent de rien ? Mais dans sa qu\u00eate pour rendre la justice\u00a0Namyah\u00a0va d\u00e9couvrir qu\u2019il existe un tr\u00e9sor bien plus important que les richesses mat\u00e9rielles de ce monde&#8230;<\/p><p><em>Namyah<\/em>\u00a0est un court-m\u00e9trage de 12 minutes r\u00e9alis\u00e9 en 2010 par Michel C. Jacky, en collaboration avec le Groupe de jeunes de l&#8217;\u00c9glise \u00c9vang\u00e9lique de Wissembourg. La majorit\u00e9 des jeunes ayant particip\u00e9 \u00e0 la r\u00e9alisation avaient entre 14 et 18 ans et ont relev\u00e9 le d\u00e9fi d\u2019un tournage en plein hiver (d\u00e9cembre-mars). Le court-m\u00e9trage a particip\u00e9 au FCMCA 2010 (Festival du Court-M\u00e9trage Chr\u00e9tien d&#8217;Alsace) o\u00f9 il a gagn\u00e9 le prix de la meilleure r\u00e9alisation.<\/p><\/div>\n\t\t\t\t<\/div>\n\t\t\t\t<\/div>\n\t\t\t\t\t\t<\/div>\n\t\t\t<\/div>\n\t\t<\/div>\n\t\t\t\t<div class=\"elementor-element elementor-element-22513175 elementor-column elementor-col-33 elementor-top-column\" data-id=\"22513175\" data-element_type=\"column\">\n\t\t\t<div class=\"elementor-column-wrap  elementor-element-populated\">\n\t\t\t\t\t<div class=\"elementor-widget-wrap\">\n\t\t\t\t<div class=\"elementor-element elementor-element-204fc10 elementor-aspect-ratio-169 elementor-widget elementor-widget-video\" data-id=\"204fc10\" data-element_type=\"widget\" data-settings=\"{&quot;aspect_ratio&quot;:&quot;169&quot;}\" data-widget_type=\"video.default\">\n\t\t\t\t<div class=\"elementor-widget-container\">\n\t\t\t\t\t<div class=\"elementor-wrapper elementor-fit-aspect-ratio elementor-open-inline\">\n\t\t\t<iframe class=\"elementor-video-iframe\" allowfullscreen title=\"youtube Video Player\" src=\"https:\/\/www.youtube.com\/embed\/QASlqH9GW7E?feature=oembed&amp;start&amp;end&amp;wmode=opaque&amp;loop=0&amp;controls=1&amp;mute=0&amp;rel=0&amp;modestbranding=0\"><\/iframe>\t\t\t\t<div class=\"elementor-custom-embed-image-overlay\" style=\"background-image: url(https:\/\/trustwonder.com\/wp-content\/uploads\/2019\/11\/projet-namaya.jpg);\">\n\t\t\t\t\t\t\t\t\t\t\t\t\t\t\t\t<div class=\"elementor-custom-embed-play\" role=\"button\">\n\t\t\t\t\t\t\t<i class=\"eicon-play\" aria-hidden=\"true\"><\/i>\n\t\t\t\t\t\t\t<span class=\"elementor-screen-only\">Play Video<\/span>\n\t\t\t\t\t\t<\/div>\n\t\t\t\t\t\t\t\t\t<\/div>\n\t\t\t\t\t<\/div>\n\t\t\t\t<\/div>\n\t\t\t\t<\/div>\n\t\t\t\t\t\t<\/div>\n\t\t\t<\/div>\n\t\t<\/div>\n\t\t\t\t\t\t<\/div>\n\t\t\t<\/div>\n\t\t<\/section>\n\t\t\t\t<section class=\"elementor-element elementor-element-50392fd8 elementor-section-boxed elementor-section-height-default elementor-section-height-default elementor-section elementor-top-section\" data-id=\"50392fd8\" data-element_type=\"section\">\n\t\t\t\t\t\t<div class=\"elementor-container elementor-column-gap-default\">\n\t\t\t\t<div class=\"elementor-row\">\n\t\t\t\t<div class=\"elementor-element elementor-element-6315dc00 elementor-column elementor-col-33 elementor-top-column\" data-id=\"6315dc00\" data-element_type=\"column\">\n\t\t\t<div class=\"elementor-column-wrap  elementor-element-populated\">\n\t\t\t\t\t<div class=\"elementor-widget-wrap\">\n\t\t\t\t<div class=\"elementor-element elementor-element-511ef40d elementor-widget elementor-widget-image\" data-id=\"511ef40d\" data-element_type=\"widget\" data-widget_type=\"image.default\">\n\t\t\t\t<div class=\"elementor-widget-container\">\n\t\t\t\t\t<div class=\"elementor-image\">\n\t\t\t\t\t\t\t\t\t\t<img width=\"800\" height=\"600\" src=\"https:\/\/trustwonder.com\/wp-content\/uploads\/2019\/11\/realisations_2.jpg\" class=\"attachment-large size-large\" alt=\"\" loading=\"lazy\" srcset=\"https:\/\/trustwonder.com\/wp-content\/uploads\/2019\/11\/realisations_2.jpg 800w, https:\/\/trustwonder.com\/wp-content\/uploads\/2019\/11\/realisations_2-300x225.jpg 300w, https:\/\/trustwonder.com\/wp-content\/uploads\/2019\/11\/realisations_2-768x576.jpg 768w\" sizes=\"(max-width: 800px) 100vw, 800px\" \/>\t\t\t\t\t\t\t\t\t\t\t<\/div>\n\t\t\t\t<\/div>\n\t\t\t\t<\/div>\n\t\t\t\t\t\t<\/div>\n\t\t\t<\/div>\n\t\t<\/div>\n\t\t\t\t<div class=\"elementor-element elementor-element-6a5edea9 elementor-column elementor-col-33 elementor-top-column\" data-id=\"6a5edea9\" data-element_type=\"column\">\n\t\t\t<div class=\"elementor-column-wrap  elementor-element-populated\">\n\t\t\t\t\t<div class=\"elementor-widget-wrap\">\n\t\t\t\t<div class=\"elementor-element elementor-element-56edc407 elementor-widget elementor-widget-image\" data-id=\"56edc407\" data-element_type=\"widget\" data-widget_type=\"image.default\">\n\t\t\t\t<div class=\"elementor-widget-container\">\n\t\t\t\t\t<div class=\"elementor-image\">\n\t\t\t\t\t\t\t\t\t\t<img width=\"800\" height=\"600\" src=\"https:\/\/trustwonder.com\/wp-content\/uploads\/2019\/11\/realisations_5.jpg\" class=\"attachment-large size-large\" alt=\"\" loading=\"lazy\" srcset=\"https:\/\/trustwonder.com\/wp-content\/uploads\/2019\/11\/realisations_5.jpg 800w, https:\/\/trustwonder.com\/wp-content\/uploads\/2019\/11\/realisations_5-300x225.jpg 300w, https:\/\/trustwonder.com\/wp-content\/uploads\/2019\/11\/realisations_5-768x576.jpg 768w\" sizes=\"(max-width: 800px) 100vw, 800px\" \/>\t\t\t\t\t\t\t\t\t\t\t<\/div>\n\t\t\t\t<\/div>\n\t\t\t\t<\/div>\n\t\t\t\t\t\t<\/div>\n\t\t\t<\/div>\n\t\t<\/div>\n\t\t\t\t<div class=\"elementor-element elementor-element-16ec8f9f elementor-column elementor-col-33 elementor-top-column\" data-id=\"16ec8f9f\" data-element_type=\"column\">\n\t\t\t<div class=\"elementor-column-wrap  elementor-element-populated\">\n\t\t\t\t\t<div class=\"elementor-widget-wrap\">\n\t\t\t\t<div class=\"elementor-element elementor-element-6ce063be elementor-widget elementor-widget-image\" data-id=\"6ce063be\" data-element_type=\"widget\" data-widget_type=\"image.default\">\n\t\t\t\t<div class=\"elementor-widget-container\">\n\t\t\t\t\t<div class=\"elementor-image\">\n\t\t\t\t\t\t\t\t\t\t<img width=\"800\" height=\"600\" src=\"https:\/\/trustwonder.com\/wp-content\/uploads\/2019\/11\/realisations_7.jpg\" class=\"attachment-large size-large\" alt=\"\" loading=\"lazy\" srcset=\"https:\/\/trustwonder.com\/wp-content\/uploads\/2019\/11\/realisations_7.jpg 800w, https:\/\/trustwonder.com\/wp-content\/uploads\/2019\/11\/realisations_7-300x225.jpg 300w, https:\/\/trustwonder.com\/wp-content\/uploads\/2019\/11\/realisations_7-768x576.jpg 768w\" sizes=\"(max-width: 800px) 100vw, 800px\" \/>\t\t\t\t\t\t\t\t\t\t\t<\/div>\n\t\t\t\t<\/div>\n\t\t\t\t<\/div>\n\t\t\t\t\t\t<\/div>\n\t\t\t<\/div>\n\t\t<\/div>\n\t\t\t\t\t\t<\/div>\n\t\t\t<\/div>\n\t\t<\/section>\n\t\t\t\t\t\t<\/div>\n\t\t\t<\/div>\n\t\t<\/div>\n\t\t","protected":false},"excerpt":{"rendered":"<p>COURT-M\u00c9TRAGE &#8211; NAMYAH Le\u00a0film est de style fantastique et raconte l\u2019histoire d\u2019une petite orpheline,\u00a0Namyah, dans un contexte s&#8217;apparentant au XIXesi\u00e8cle. On y d\u00e9couvre son combat contre l\u2019injustice de la vie : pourquoi doit-elle vivre dans la mis\u00e8re alors que d\u2019autres ne manquent de rien ? Mais dans sa qu\u00eate pour rendre la justice\u00a0Namyah\u00a0va d\u00e9couvrir qu\u2019il&hellip; <br \/> <a class=\"read-more\" href=\"https:\/\/trustwonder.com\/en\/namyah\/\">Read more<\/a><\/p>\n","protected":false},"author":1,"featured_media":0,"parent":0,"menu_order":0,"comment_status":"closed","ping_status":"closed","template":"","meta":[],"_links":{"self":[{"href":"https:\/\/trustwonder.com\/en\/wp-json\/wp\/v2\/pages\/99"}],"collection":[{"href":"https:\/\/trustwonder.com\/en\/wp-json\/wp\/v2\/pages"}],"about":[{"href":"https:\/\/trustwonder.com\/en\/wp-json\/wp\/v2\/types\/page"}],"author":[{"embeddable":true,"href":"https:\/\/trustwonder.com\/en\/wp-json\/wp\/v2\/users\/1"}],"replies":[{"embeddable":true,"href":"https:\/\/trustwonder.com\/en\/wp-json\/wp\/v2\/comments?post=99"}],"version-history":[{"count":2,"href":"https:\/\/trustwonder.com\/en\/wp-json\/wp\/v2\/pages\/99\/revisions"}],"predecessor-version":[{"id":817,"href":"https:\/\/trustwonder.com\/en\/wp-json\/wp\/v2\/pages\/99\/revisions\/817"}],"wp:attachment":[{"href":"https:\/\/trustwonder.com\/en\/wp-json\/wp\/v2\/media?parent=99"}],"curies":[{"name":"wp","href":"https:\/\/api.w.org\/{rel}","templated":true}]}}