{"id":97,"date":"2019-05-07T11:32:41","date_gmt":"2019-05-07T09:32:41","guid":{"rendered":"http:\/\/mehdiklein.com\/tw\/?page_id=97"},"modified":"2019-11-28T16:40:00","modified_gmt":"2019-11-28T15:40:00","slug":"noublie-pas","status":"publish","type":"page","link":"https:\/\/trustwonder.com\/en\/noublie-pas\/","title":{"rendered":"N&#8217;OUBLIE PAS"},"content":{"rendered":"\t\t<div data-elementor-type=\"wp-post\" data-elementor-id=\"97\" class=\"elementor elementor-97\" data-elementor-settings=\"[]\">\n\t\t\t<div class=\"elementor-inner\">\n\t\t\t\t<div class=\"elementor-section-wrap\">\n\t\t\t\t\t\t\t<section class=\"elementor-element elementor-element-5a3aa87f elementor-section-boxed elementor-section-height-default elementor-section-height-default elementor-section elementor-top-section\" data-id=\"5a3aa87f\" data-element_type=\"section\">\n\t\t\t\t\t\t<div class=\"elementor-container elementor-column-gap-default\">\n\t\t\t\t<div class=\"elementor-row\">\n\t\t\t\t<div class=\"elementor-element elementor-element-2cf15f4f elementor-column elementor-col-100 elementor-top-column\" data-id=\"2cf15f4f\" data-element_type=\"column\">\n\t\t\t<div class=\"elementor-column-wrap  elementor-element-populated\">\n\t\t\t\t\t<div class=\"elementor-widget-wrap\">\n\t\t\t\t<div class=\"elementor-element elementor-element-36dde63 elementor-invisible elementor-widget elementor-widget-heading\" data-id=\"36dde63\" data-element_type=\"widget\" data-settings=\"{&quot;_animation&quot;:&quot;fadeInRight&quot;}\" data-widget_type=\"heading.default\">\n\t\t\t\t<div class=\"elementor-widget-container\">\n\t\t\t<h3 class=\"elementor-heading-title elementor-size-default\">COURT-M\u00c9TRAGE - N'OUBLIE PAS<\/h3>\t\t<\/div>\n\t\t\t\t<\/div>\n\t\t\t\t\t\t<\/div>\n\t\t\t<\/div>\n\t\t<\/div>\n\t\t\t\t\t\t<\/div>\n\t\t\t<\/div>\n\t\t<\/section>\n\t\t\t\t<section class=\"elementor-element elementor-element-1dbe68e9 elementor-section-boxed elementor-section-height-default elementor-section-height-default elementor-section elementor-top-section\" data-id=\"1dbe68e9\" data-element_type=\"section\">\n\t\t\t\t\t\t<div class=\"elementor-container elementor-column-gap-default\">\n\t\t\t\t<div class=\"elementor-row\">\n\t\t\t\t<div class=\"elementor-element elementor-element-5a0ea0b0 elementor-column elementor-col-66 elementor-top-column\" data-id=\"5a0ea0b0\" data-element_type=\"column\">\n\t\t\t<div class=\"elementor-column-wrap  elementor-element-populated\">\n\t\t\t\t\t<div class=\"elementor-widget-wrap\">\n\t\t\t\t<div class=\"elementor-element elementor-element-42bd8ceb elementor-widget elementor-widget-text-editor\" data-id=\"42bd8ceb\" data-element_type=\"widget\" data-widget_type=\"text-editor.default\">\n\t\t\t\t<div class=\"elementor-widget-container\">\n\t\t\t\t\t<div class=\"elementor-text-editor elementor-clearfix\"><p>Premier court-m\u00e9trage sous la direction de Jonathan Ott, la r\u00e9alisation en 2011 a \u00e9t\u00e9 r\u00e9compens\u00e9e par 6 prix lors du FCMCA, lui valant une premi\u00e8re place.<\/p><p>Prix du Meilleur Film, Prix du Public, Prix du Meilleur Acteur (J\u00e9r\u00e9mie Frey), Prix de la Meilleur Actrice (Myriam Frey), Prix de la Meilleur Bande-Originale (Floriane Beiner).<\/p><p>Octobre 1943, suite \u00e0 la mort d\u2019un de ses soldats sur le territoire lorrain, un major allemand d\u00e9cide de se venger. 10 personnes prises au hasard seront ex\u00e9cut\u00e9es. Face \u00e0 cette injustice, le courage et la foi du soldat allemand Rudy laisse entrevoir une lueur d\u2019espoir.<\/p><\/div>\n\t\t\t\t<\/div>\n\t\t\t\t<\/div>\n\t\t\t\t\t\t<\/div>\n\t\t\t<\/div>\n\t\t<\/div>\n\t\t\t\t<div class=\"elementor-element elementor-element-7fcc89da elementor-column elementor-col-33 elementor-top-column\" data-id=\"7fcc89da\" data-element_type=\"column\">\n\t\t\t<div class=\"elementor-column-wrap  elementor-element-populated\">\n\t\t\t\t\t<div class=\"elementor-widget-wrap\">\n\t\t\t\t<div class=\"elementor-element elementor-element-d55c38d elementor-aspect-ratio-169 elementor-widget elementor-widget-video\" data-id=\"d55c38d\" data-element_type=\"widget\" data-settings=\"{&quot;aspect_ratio&quot;:&quot;169&quot;}\" data-widget_type=\"video.default\">\n\t\t\t\t<div class=\"elementor-widget-container\">\n\t\t\t\t\t<div class=\"elementor-wrapper elementor-fit-aspect-ratio elementor-open-inline\">\n\t\t\t<iframe class=\"elementor-video-iframe\" allowfullscreen title=\"youtube Video Player\" src=\"https:\/\/www.youtube.com\/embed\/bk9HjOAsWNw?feature=oembed&amp;start&amp;end&amp;wmode=opaque&amp;loop=0&amp;controls=1&amp;mute=0&amp;rel=0&amp;modestbranding=0\"><\/iframe>\t\t\t\t<div class=\"elementor-custom-embed-image-overlay\" style=\"background-image: url(https:\/\/trustwonder.com\/wp-content\/uploads\/2019\/11\/noublie-pas_soldats-allemands-guerre-mondiale.jpg);\">\n\t\t\t\t\t\t\t\t\t\t\t\t\t\t\t\t<div class=\"elementor-custom-embed-play\" role=\"button\">\n\t\t\t\t\t\t\t<i class=\"eicon-play\" aria-hidden=\"true\"><\/i>\n\t\t\t\t\t\t\t<span class=\"elementor-screen-only\">Play Video<\/span>\n\t\t\t\t\t\t<\/div>\n\t\t\t\t\t\t\t\t\t<\/div>\n\t\t\t\t\t<\/div>\n\t\t\t\t<\/div>\n\t\t\t\t<\/div>\n\t\t\t\t\t\t<\/div>\n\t\t\t<\/div>\n\t\t<\/div>\n\t\t\t\t\t\t<\/div>\n\t\t\t<\/div>\n\t\t<\/section>\n\t\t\t\t<section class=\"elementor-element elementor-element-214b6833 elementor-section-boxed elementor-section-height-default elementor-section-height-default elementor-section elementor-top-section\" data-id=\"214b6833\" data-element_type=\"section\">\n\t\t\t\t\t\t<div class=\"elementor-container elementor-column-gap-default\">\n\t\t\t\t<div class=\"elementor-row\">\n\t\t\t\t<div class=\"elementor-element elementor-element-4c54ae98 elementor-column elementor-col-50 elementor-top-column\" data-id=\"4c54ae98\" data-element_type=\"column\">\n\t\t\t<div class=\"elementor-column-wrap  elementor-element-populated\">\n\t\t\t\t\t<div class=\"elementor-widget-wrap\">\n\t\t\t\t<div class=\"elementor-element elementor-element-c51f141 elementor-widget elementor-widget-image\" data-id=\"c51f141\" data-element_type=\"widget\" data-widget_type=\"image.default\">\n\t\t\t\t<div class=\"elementor-widget-container\">\n\t\t\t\t\t<div class=\"elementor-image\">\n\t\t\t\t\t\t\t\t\t\t<img width=\"600\" height=\"400\" src=\"https:\/\/trustwonder.com\/wp-content\/uploads\/2019\/11\/noublie-pas_cinema-soldats.jpg\" class=\"attachment-large size-large\" alt=\"\" loading=\"lazy\" srcset=\"https:\/\/trustwonder.com\/wp-content\/uploads\/2019\/11\/noublie-pas_cinema-soldats.jpg 600w, https:\/\/trustwonder.com\/wp-content\/uploads\/2019\/11\/noublie-pas_cinema-soldats-300x200.jpg 300w\" sizes=\"(max-width: 600px) 100vw, 600px\" \/>\t\t\t\t\t\t\t\t\t\t\t<\/div>\n\t\t\t\t<\/div>\n\t\t\t\t<\/div>\n\t\t\t\t\t\t<\/div>\n\t\t\t<\/div>\n\t\t<\/div>\n\t\t\t\t<div class=\"elementor-element elementor-element-13783032 elementor-column elementor-col-50 elementor-top-column\" data-id=\"13783032\" data-element_type=\"column\">\n\t\t\t<div class=\"elementor-column-wrap  elementor-element-populated\">\n\t\t\t\t\t<div class=\"elementor-widget-wrap\">\n\t\t\t\t<div class=\"elementor-element elementor-element-55c80656 elementor-widget elementor-widget-image\" data-id=\"55c80656\" data-element_type=\"widget\" data-widget_type=\"image.default\">\n\t\t\t\t<div class=\"elementor-widget-container\">\n\t\t\t\t\t<div class=\"elementor-image\">\n\t\t\t\t\t\t\t\t\t\t<img width=\"600\" height=\"450\" src=\"https:\/\/trustwonder.com\/wp-content\/uploads\/2019\/11\/noublie-pas_condamnes-execution-guerre.jpg\" class=\"attachment-medium_large size-medium_large\" alt=\"\" loading=\"lazy\" srcset=\"https:\/\/trustwonder.com\/wp-content\/uploads\/2019\/11\/noublie-pas_condamnes-execution-guerre.jpg 600w, https:\/\/trustwonder.com\/wp-content\/uploads\/2019\/11\/noublie-pas_condamnes-execution-guerre-300x225.jpg 300w\" sizes=\"(max-width: 600px) 100vw, 600px\" \/>\t\t\t\t\t\t\t\t\t\t\t<\/div>\n\t\t\t\t<\/div>\n\t\t\t\t<\/div>\n\t\t\t\t\t\t<\/div>\n\t\t\t<\/div>\n\t\t<\/div>\n\t\t\t\t\t\t<\/div>\n\t\t\t<\/div>\n\t\t<\/section>\n\t\t\t\t\t\t<\/div>\n\t\t\t<\/div>\n\t\t<\/div>\n\t\t","protected":false},"excerpt":{"rendered":"<p>COURT-M\u00c9TRAGE &#8211; N&#8217;OUBLIE PAS Premier court-m\u00e9trage sous la direction de Jonathan Ott, la r\u00e9alisation en 2011 a \u00e9t\u00e9 r\u00e9compens\u00e9e par 6 prix lors du FCMCA, lui valant une premi\u00e8re place. Prix du Meilleur Film, Prix du Public, Prix du Meilleur Acteur (J\u00e9r\u00e9mie Frey), Prix de la Meilleur Actrice (Myriam Frey), Prix de la Meilleur Bande-Originale&hellip; <br \/> <a class=\"read-more\" href=\"https:\/\/trustwonder.com\/en\/noublie-pas\/\">Read more<\/a><\/p>\n","protected":false},"author":1,"featured_media":0,"parent":0,"menu_order":0,"comment_status":"closed","ping_status":"closed","template":"","meta":[],"_links":{"self":[{"href":"https:\/\/trustwonder.com\/en\/wp-json\/wp\/v2\/pages\/97"}],"collection":[{"href":"https:\/\/trustwonder.com\/en\/wp-json\/wp\/v2\/pages"}],"about":[{"href":"https:\/\/trustwonder.com\/en\/wp-json\/wp\/v2\/types\/page"}],"author":[{"embeddable":true,"href":"https:\/\/trustwonder.com\/en\/wp-json\/wp\/v2\/users\/1"}],"replies":[{"embeddable":true,"href":"https:\/\/trustwonder.com\/en\/wp-json\/wp\/v2\/comments?post=97"}],"version-history":[{"count":2,"href":"https:\/\/trustwonder.com\/en\/wp-json\/wp\/v2\/pages\/97\/revisions"}],"predecessor-version":[{"id":815,"href":"https:\/\/trustwonder.com\/en\/wp-json\/wp\/v2\/pages\/97\/revisions\/815"}],"wp:attachment":[{"href":"https:\/\/trustwonder.com\/en\/wp-json\/wp\/v2\/media?parent=97"}],"curies":[{"name":"wp","href":"https:\/\/api.w.org\/{rel}","templated":true}]}}