{"id":77,"date":"2019-05-07T11:22:45","date_gmt":"2019-05-07T09:22:45","guid":{"rendered":"http:\/\/mehdiklein.com\/tw\/?page_id=77"},"modified":"2019-11-28T16:36:34","modified_gmt":"2019-11-28T15:36:34","slug":"fonctionnement","status":"publish","type":"page","link":"https:\/\/trustwonder.com\/en\/fonctionnement\/","title":{"rendered":"Fonctionnement"},"content":{"rendered":"\t\t<div data-elementor-type=\"wp-post\" data-elementor-id=\"77\" class=\"elementor elementor-77\" data-elementor-settings=\"[]\">\n\t\t\t<div class=\"elementor-inner\">\n\t\t\t\t<div class=\"elementor-section-wrap\">\n\t\t\t\t\t\t\t<section class=\"elementor-element elementor-element-588b8c9f elementor-section-boxed elementor-section-height-default elementor-section-height-default elementor-section elementor-top-section\" data-id=\"588b8c9f\" data-element_type=\"section\">\n\t\t\t\t\t\t<div class=\"elementor-container elementor-column-gap-default\">\n\t\t\t\t<div class=\"elementor-row\">\n\t\t\t\t<div class=\"elementor-element elementor-element-1e8a81ca elementor-column elementor-col-100 elementor-top-column\" data-id=\"1e8a81ca\" data-element_type=\"column\">\n\t\t\t<div class=\"elementor-column-wrap  elementor-element-populated\">\n\t\t\t\t\t<div class=\"elementor-widget-wrap\">\n\t\t\t\t<div class=\"elementor-element elementor-element-26cbde34 elementor-invisible elementor-widget elementor-widget-heading\" data-id=\"26cbde34\" data-element_type=\"widget\" data-settings=\"{&quot;_animation&quot;:&quot;fadeInRight&quot;}\" data-widget_type=\"heading.default\">\n\t\t\t\t<div class=\"elementor-widget-container\">\n\t\t\t<h2 class=\"elementor-heading-title elementor-size-default\">QUEL EST NOTRE FONCTIONNEMENT ?<\/h2>\t\t<\/div>\n\t\t\t\t<\/div>\n\t\t\t\t<div class=\"elementor-element elementor-element-1c94fb2c elementor-widget elementor-widget-spacer\" data-id=\"1c94fb2c\" data-element_type=\"widget\" data-widget_type=\"spacer.default\">\n\t\t\t\t<div class=\"elementor-widget-container\">\n\t\t\t\t\t<div class=\"elementor-spacer\">\n\t\t\t<div class=\"elementor-spacer-inner\"><\/div>\n\t\t<\/div>\n\t\t\t\t<\/div>\n\t\t\t\t<\/div>\n\t\t\t\t\t\t<\/div>\n\t\t\t<\/div>\n\t\t<\/div>\n\t\t\t\t\t\t<\/div>\n\t\t\t<\/div>\n\t\t<\/section>\n\t\t\t\t<section class=\"elementor-element elementor-element-6a8d77d4 elementor-section-boxed elementor-section-height-default elementor-section-height-default elementor-invisible elementor-section elementor-top-section\" data-id=\"6a8d77d4\" data-element_type=\"section\" data-settings=\"{&quot;animation&quot;:&quot;fadeIn&quot;}\">\n\t\t\t\t\t\t<div class=\"elementor-container elementor-column-gap-default\">\n\t\t\t\t<div class=\"elementor-row\">\n\t\t\t\t<div class=\"elementor-element elementor-element-c03d22c elementor-column elementor-col-50 elementor-top-column\" data-id=\"c03d22c\" data-element_type=\"column\">\n\t\t\t<div class=\"elementor-column-wrap  elementor-element-populated\">\n\t\t\t\t\t<div class=\"elementor-widget-wrap\">\n\t\t\t\t<div class=\"elementor-element elementor-element-6db48ab9 elementor-widget elementor-widget-text-editor\" data-id=\"6db48ab9\" data-element_type=\"widget\" data-widget_type=\"text-editor.default\">\n\t\t\t\t<div class=\"elementor-widget-container\">\n\t\t\t\t\t<div class=\"elementor-text-editor elementor-clearfix\"><h3>NOS ACTIVIT\u00c9S<\/h3><p>Trustwonder g\u00e8re habituellement toutes les \u00e9tapes de la r\u00e9alisation de l\u00b4\u0153uvre audiovisuelle : de l\u2019\u00e9criture du sc\u00e9nario jusqu\u2019\u00e0 la diffusion du film. Ce qui inclut les rep\u00e9rages, la fabrication et l\u2019entretien du mat\u00e9riel, le recrutement, la communication et la promotion, le montage, etc.<\/p><h3>UN MAT\u00c9RIEL QUASI-PROFESSIONNEL<\/h3><p>De haute qualit\u00e9, les sc\u00e8nes sont tourn\u00e9es avec la cam\u00e9ra CINEMA CAMERA de Blackmagic Design. Un travelling, une grue et bien d\u2019autres instruments sont couramment utilis\u00e9s \u00e0 la r\u00e9alisation, et permettent de donner une belle dynamique aux visuels.<\/p><\/div>\n\t\t\t\t<\/div>\n\t\t\t\t<\/div>\n\t\t\t\t<div class=\"elementor-element elementor-element-4d508810 elementor-widget elementor-widget-spacer\" data-id=\"4d508810\" data-element_type=\"widget\" data-widget_type=\"spacer.default\">\n\t\t\t\t<div class=\"elementor-widget-container\">\n\t\t\t\t\t<div class=\"elementor-spacer\">\n\t\t\t<div class=\"elementor-spacer-inner\"><\/div>\n\t\t<\/div>\n\t\t\t\t<\/div>\n\t\t\t\t<\/div>\n\t\t\t\t\t\t<\/div>\n\t\t\t<\/div>\n\t\t<\/div>\n\t\t\t\t<div class=\"elementor-element elementor-element-3b644abc elementor-column elementor-col-50 elementor-top-column\" data-id=\"3b644abc\" data-element_type=\"column\">\n\t\t\t<div class=\"elementor-column-wrap  elementor-element-populated\">\n\t\t\t\t\t<div class=\"elementor-widget-wrap\">\n\t\t\t\t<div class=\"elementor-element elementor-element-30bbb040 elementor-widget elementor-widget-image\" data-id=\"30bbb040\" data-element_type=\"widget\" data-widget_type=\"image.default\">\n\t\t\t\t<div class=\"elementor-widget-container\">\n\t\t\t\t\t<div class=\"elementor-image\">\n\t\t\t\t\t\t\t\t\t\t<img width=\"1024\" height=\"677\" src=\"https:\/\/trustwonder.com\/wp-content\/uploads\/2019\/11\/Fonctionnement-1-1024x677.png\" class=\"attachment-large size-large\" alt=\"\" loading=\"lazy\" srcset=\"https:\/\/trustwonder.com\/wp-content\/uploads\/2019\/11\/Fonctionnement-1-1024x677.png 1024w, https:\/\/trustwonder.com\/wp-content\/uploads\/2019\/11\/Fonctionnement-1-300x198.png 300w, https:\/\/trustwonder.com\/wp-content\/uploads\/2019\/11\/Fonctionnement-1-768x508.png 768w, https:\/\/trustwonder.com\/wp-content\/uploads\/2019\/11\/Fonctionnement-1-1536x1016.png 1536w, https:\/\/trustwonder.com\/wp-content\/uploads\/2019\/11\/Fonctionnement-1-1634x1080.png 1634w, https:\/\/trustwonder.com\/wp-content\/uploads\/2019\/11\/Fonctionnement-1.png 2048w\" sizes=\"(max-width: 1024px) 100vw, 1024px\" \/>\t\t\t\t\t\t\t\t\t\t\t<\/div>\n\t\t\t\t<\/div>\n\t\t\t\t<\/div>\n\t\t\t\t\t\t<\/div>\n\t\t\t<\/div>\n\t\t<\/div>\n\t\t\t\t\t\t<\/div>\n\t\t\t<\/div>\n\t\t<\/section>\n\t\t\t\t<section class=\"elementor-element elementor-element-51e5dbc3 elementor-section-boxed elementor-section-height-default elementor-section-height-default elementor-invisible elementor-section elementor-top-section\" data-id=\"51e5dbc3\" data-element_type=\"section\" data-settings=\"{&quot;animation&quot;:&quot;fadeIn&quot;}\">\n\t\t\t\t\t\t<div class=\"elementor-container elementor-column-gap-default\">\n\t\t\t\t<div class=\"elementor-row\">\n\t\t\t\t<div class=\"elementor-element elementor-element-52c48856 elementor-column elementor-col-50 elementor-top-column\" data-id=\"52c48856\" data-element_type=\"column\">\n\t\t\t<div class=\"elementor-column-wrap  elementor-element-populated\">\n\t\t\t\t\t<div class=\"elementor-widget-wrap\">\n\t\t\t\t<div class=\"elementor-element elementor-element-11e0084d elementor-widget elementor-widget-image\" data-id=\"11e0084d\" data-element_type=\"widget\" data-widget_type=\"image.default\">\n\t\t\t\t<div class=\"elementor-widget-container\">\n\t\t\t\t\t<div class=\"elementor-image\">\n\t\t\t\t\t\t\t\t\t\t<img width=\"1024\" height=\"655\" src=\"https:\/\/trustwonder.com\/wp-content\/uploads\/2019\/11\/Fonctionnement-2-1024x655.png\" class=\"attachment-large size-large\" alt=\"\" loading=\"lazy\" srcset=\"https:\/\/trustwonder.com\/wp-content\/uploads\/2019\/11\/Fonctionnement-2-1024x655.png 1024w, https:\/\/trustwonder.com\/wp-content\/uploads\/2019\/11\/Fonctionnement-2-300x192.png 300w, https:\/\/trustwonder.com\/wp-content\/uploads\/2019\/11\/Fonctionnement-2-768x491.png 768w, https:\/\/trustwonder.com\/wp-content\/uploads\/2019\/11\/Fonctionnement-2.png 1438w\" sizes=\"(max-width: 1024px) 100vw, 1024px\" \/>\t\t\t\t\t\t\t\t\t\t\t<\/div>\n\t\t\t\t<\/div>\n\t\t\t\t<\/div>\n\t\t\t\t\t\t<\/div>\n\t\t\t<\/div>\n\t\t<\/div>\n\t\t\t\t<div class=\"elementor-element elementor-element-42d07535 elementor-column elementor-col-50 elementor-top-column\" data-id=\"42d07535\" data-element_type=\"column\">\n\t\t\t<div class=\"elementor-column-wrap  elementor-element-populated\">\n\t\t\t\t\t<div class=\"elementor-widget-wrap\">\n\t\t\t\t<div class=\"elementor-element elementor-element-56653efa elementor-widget elementor-widget-text-editor\" data-id=\"56653efa\" data-element_type=\"widget\" data-widget_type=\"text-editor.default\">\n\t\t\t\t<div class=\"elementor-widget-container\">\n\t\t\t\t\t<div class=\"elementor-text-editor elementor-clearfix\"><h3>NOTRE CREDO\u00a0: DO IT YOURSELF<\/h3><p>La majeure partie de nos accessoires et d\u00e9cors sont r\u00e9alis\u00e9s par nos soins, r\u00e9duisant ainsi le co\u00fbt budg\u00e9taire tout en d\u00e9veloppant notre cr\u00e9ativit\u00e9 et l\u2019esprit d\u2019\u00e9quipe. Nous formons \u00e9galement nos membres pour les diff\u00e9rentes missions qu\u2019ils sont amen\u00e9s \u00e0 rencontrer sur les tournages, et cherchons \u00e0 cr\u00e9er un \u00e9change constructif entre les membres. La motivation est le principal crit\u00e8re de recrutement. Si vous n\u2019avez pas encore d\u2019exp\u00e9rience, c\u2019est le moment id\u00e9al pour en acqu\u00e9rir.<\/p><h3>ET \u00c0 C\u00d4T\u00c9&#8230;<\/h3><p>Trustwonder est \u00e9galement sollicit\u00e9 par d\u00b4autres groupes de r\u00e9alisation et organismes. Nos ressources servent dans le cadre cr\u00e9ation de films d\u2019\u00e9v\u00e8nements, o\u00f9 nous apportons une aide technique, pr\u00eat de mat\u00e9riel\u2026<\/p><\/div>\n\t\t\t\t<\/div>\n\t\t\t\t<\/div>\n\t\t\t\t\t\t<\/div>\n\t\t\t<\/div>\n\t\t<\/div>\n\t\t\t\t\t\t<\/div>\n\t\t\t<\/div>\n\t\t<\/section>\n\t\t\t\t\t\t<\/div>\n\t\t\t<\/div>\n\t\t<\/div>\n\t\t","protected":false},"excerpt":{"rendered":"<p>QUEL EST NOTRE FONCTIONNEMENT ? NOS ACTIVIT\u00c9S Trustwonder g\u00e8re habituellement toutes les \u00e9tapes de la r\u00e9alisation de l\u00b4\u0153uvre audiovisuelle : de l\u2019\u00e9criture du sc\u00e9nario jusqu\u2019\u00e0 la diffusion du film. Ce qui inclut les rep\u00e9rages, la fabrication et l\u2019entretien du mat\u00e9riel, le recrutement, la communication et la promotion, le montage, etc. UN MAT\u00c9RIEL QUASI-PROFESSIONNEL De haute&hellip; <br \/> <a class=\"read-more\" href=\"https:\/\/trustwonder.com\/en\/fonctionnement\/\">Read more<\/a><\/p>\n","protected":false},"author":1,"featured_media":0,"parent":0,"menu_order":0,"comment_status":"closed","ping_status":"closed","template":"","meta":[],"_links":{"self":[{"href":"https:\/\/trustwonder.com\/en\/wp-json\/wp\/v2\/pages\/77"}],"collection":[{"href":"https:\/\/trustwonder.com\/en\/wp-json\/wp\/v2\/pages"}],"about":[{"href":"https:\/\/trustwonder.com\/en\/wp-json\/wp\/v2\/types\/page"}],"author":[{"embeddable":true,"href":"https:\/\/trustwonder.com\/en\/wp-json\/wp\/v2\/users\/1"}],"replies":[{"embeddable":true,"href":"https:\/\/trustwonder.com\/en\/wp-json\/wp\/v2\/comments?post=77"}],"version-history":[{"count":2,"href":"https:\/\/trustwonder.com\/en\/wp-json\/wp\/v2\/pages\/77\/revisions"}],"predecessor-version":[{"id":805,"href":"https:\/\/trustwonder.com\/en\/wp-json\/wp\/v2\/pages\/77\/revisions\/805"}],"wp:attachment":[{"href":"https:\/\/trustwonder.com\/en\/wp-json\/wp\/v2\/media?parent=77"}],"curies":[{"name":"wp","href":"https:\/\/api.w.org\/{rel}","templated":true}]}}