{"id":59,"date":"2019-04-30T19:45:17","date_gmt":"2019-04-30T17:45:17","guid":{"rendered":"http:\/\/mehdiklein.com\/tw\/?page_id=59"},"modified":"2022-05-12T21:06:20","modified_gmt":"2022-05-12T19:06:20","slug":"qui-sommes-nous","status":"publish","type":"page","link":"https:\/\/trustwonder.com\/en\/qui-sommes-nous\/","title":{"rendered":"Qui somme-nous ?"},"content":{"rendered":"\t\t<div data-elementor-type=\"wp-post\" data-elementor-id=\"59\" class=\"elementor elementor-59\" data-elementor-settings=\"[]\">\n\t\t\t<div class=\"elementor-inner\">\n\t\t\t\t<div class=\"elementor-section-wrap\">\n\t\t\t\t\t\t\t<section class=\"elementor-element elementor-element-238cfcea elementor-section-boxed elementor-section-height-default elementor-section-height-default elementor-section elementor-top-section\" data-id=\"238cfcea\" data-element_type=\"section\">\n\t\t\t\t\t\t<div class=\"elementor-container elementor-column-gap-default\">\n\t\t\t\t<div class=\"elementor-row\">\n\t\t\t\t<div class=\"elementor-element elementor-element-39187791 elementor-column elementor-col-100 elementor-top-column\" data-id=\"39187791\" data-element_type=\"column\">\n\t\t\t<div class=\"elementor-column-wrap  elementor-element-populated\">\n\t\t\t\t\t<div class=\"elementor-widget-wrap\">\n\t\t\t\t<div class=\"elementor-element elementor-element-133fe9d0 elementor-invisible elementor-widget elementor-widget-heading\" data-id=\"133fe9d0\" data-element_type=\"widget\" data-settings=\"{&quot;_animation&quot;:&quot;fadeInDown&quot;}\" data-widget_type=\"heading.default\">\n\t\t\t\t<div class=\"elementor-widget-container\">\n\t\t\t<h2 class=\"elementor-heading-title elementor-size-default\">QUI SOMMES-NOUS ?<\/h2>\t\t<\/div>\n\t\t\t\t<\/div>\n\t\t\t\t<div class=\"elementor-element elementor-element-ebca45f elementor-widget elementor-widget-spacer\" data-id=\"ebca45f\" data-element_type=\"widget\" data-widget_type=\"spacer.default\">\n\t\t\t\t<div class=\"elementor-widget-container\">\n\t\t\t\t\t<div class=\"elementor-spacer\">\n\t\t\t<div class=\"elementor-spacer-inner\"><\/div>\n\t\t<\/div>\n\t\t\t\t<\/div>\n\t\t\t\t<\/div>\n\t\t\t\t\t\t<\/div>\n\t\t\t<\/div>\n\t\t<\/div>\n\t\t\t\t\t\t<\/div>\n\t\t\t<\/div>\n\t\t<\/section>\n\t\t\t\t<section class=\"elementor-element elementor-element-29fb2f7c elementor-section-boxed elementor-section-height-default elementor-section-height-default elementor-section elementor-top-section\" data-id=\"29fb2f7c\" data-element_type=\"section\">\n\t\t\t\t\t\t<div class=\"elementor-container elementor-column-gap-default\">\n\t\t\t\t<div class=\"elementor-row\">\n\t\t\t\t<div class=\"elementor-element elementor-element-67d24039 elementor-column elementor-col-50 elementor-top-column\" data-id=\"67d24039\" data-element_type=\"column\">\n\t\t\t<div class=\"elementor-column-wrap  elementor-element-populated\">\n\t\t\t\t\t<div class=\"elementor-widget-wrap\">\n\t\t\t\t<div class=\"elementor-element elementor-element-6197ade6 elementor-widget elementor-widget-text-editor\" data-id=\"6197ade6\" data-element_type=\"widget\" data-widget_type=\"text-editor.default\">\n\t\t\t\t<div class=\"elementor-widget-container\">\n\t\t\t\t\t<div class=\"elementor-text-editor elementor-clearfix\"><p>Ce qui nous d\u00e9finit en premier ? Notre croyance en Dieu. Nous sommes chr\u00e9tiens, et d\u00e9sirons t\u00e9moigner de notre foi \u00e0 travers une passion commune, le cin\u00e9ma.<\/p><p>Trustwonder, c\u2019est aussi une \u00e9quipe dynamique et active. N\u00e9e depuis quelques ann\u00e9es d\u00e9j\u00e0, elle rassemble des cin\u00e9astes amateurs qui ont r\u00e9alis\u00e9 diverses \u0153uvres audiovisuelles (principalement des films de fiction)\u00a0: des courts et des longs-m\u00e9trages, des clips, des enregistrements de soir\u00e9es, ainsi que d\u2019autres types de vid\u00e9os. Trustwonder a rejoint depuis peu l\u2019association\u00a0<em>La Colombe<\/em>\u00a0bas\u00e9e \u00e0 Wissembourg \u2212 association culturelle \u00e0 but non lucratif \u2212 au sein d\u00b4une section cin\u00e9ma. Cette collaboration offre \u00e0 notre groupe un statut administratif qui facilite certaines d\u00e9marches et ouvre de plus grandes perspectives quant \u00e0 la diffusion de nos \u0153uvres. Trustwonder conserve cependant une autonomie d\u00e9cisionnelle et budg\u00e9taire importante. Ainsi, nos diff\u00e9rents projets continuent d\u2019\u00eatre financ\u00e9s par des dons provenant de fonds priv\u00e9s. Nous ne d\u00e9sirons pas \u00eatre financi\u00e8rement d\u00e9pendants d\u00b4un organisme tiers qui pourrait influencer nos cr\u00e9ations.<\/p><\/div>\n\t\t\t\t<\/div>\n\t\t\t\t<\/div>\n\t\t\t\t\t\t<\/div>\n\t\t\t<\/div>\n\t\t<\/div>\n\t\t\t\t<div class=\"elementor-element elementor-element-745b7c1b elementor-column elementor-col-50 elementor-top-column\" data-id=\"745b7c1b\" data-element_type=\"column\">\n\t\t\t<div class=\"elementor-column-wrap  elementor-element-populated\">\n\t\t\t\t\t<div class=\"elementor-widget-wrap\">\n\t\t\t\t<div class=\"elementor-element elementor-element-7a3959e6 elementor-widget elementor-widget-image\" data-id=\"7a3959e6\" data-element_type=\"widget\" data-widget_type=\"image.default\">\n\t\t\t\t<div class=\"elementor-widget-container\">\n\t\t\t\t\t<div class=\"elementor-image\">\n\t\t\t\t\t\t\t\t\t\t<img width=\"1024\" height=\"673\" src=\"https:\/\/trustwonder.com\/wp-content\/uploads\/2019\/11\/Qui-sommes-nous1-1024x673.png\" class=\"attachment-large size-large\" alt=\"\" loading=\"lazy\" srcset=\"https:\/\/trustwonder.com\/wp-content\/uploads\/2019\/11\/Qui-sommes-nous1-1024x673.png 1024w, https:\/\/trustwonder.com\/wp-content\/uploads\/2019\/11\/Qui-sommes-nous1-300x197.png 300w, https:\/\/trustwonder.com\/wp-content\/uploads\/2019\/11\/Qui-sommes-nous1-768x505.png 768w, https:\/\/trustwonder.com\/wp-content\/uploads\/2019\/11\/Qui-sommes-nous1-1536x1010.png 1536w, https:\/\/trustwonder.com\/wp-content\/uploads\/2019\/11\/Qui-sommes-nous1-2048x1346.png 2048w, https:\/\/trustwonder.com\/wp-content\/uploads\/2019\/11\/Qui-sommes-nous1-1643x1080.png 1643w\" sizes=\"(max-width: 1024px) 100vw, 1024px\" \/>\t\t\t\t\t\t\t\t\t\t\t<\/div>\n\t\t\t\t<\/div>\n\t\t\t\t<\/div>\n\t\t\t\t\t\t<\/div>\n\t\t\t<\/div>\n\t\t<\/div>\n\t\t\t\t\t\t<\/div>\n\t\t\t<\/div>\n\t\t<\/section>\n\t\t\t\t<section class=\"elementor-element elementor-element-3f7e9b3a elementor-section-boxed elementor-section-height-default elementor-section-height-default elementor-section elementor-top-section\" data-id=\"3f7e9b3a\" data-element_type=\"section\">\n\t\t\t\t\t\t<div class=\"elementor-container elementor-column-gap-default\">\n\t\t\t\t<div class=\"elementor-row\">\n\t\t\t\t<div class=\"elementor-element elementor-element-acc79b3 elementor-column elementor-col-50 elementor-top-column\" data-id=\"acc79b3\" data-element_type=\"column\">\n\t\t\t<div class=\"elementor-column-wrap  elementor-element-populated\">\n\t\t\t\t\t<div class=\"elementor-widget-wrap\">\n\t\t\t\t<div class=\"elementor-element elementor-element-5de300f4 elementor-widget elementor-widget-image\" data-id=\"5de300f4\" data-element_type=\"widget\" data-widget_type=\"image.default\">\n\t\t\t\t<div class=\"elementor-widget-container\">\n\t\t\t\t\t<div class=\"elementor-image\">\n\t\t\t\t\t\t\t\t\t\t<img width=\"1024\" height=\"578\" src=\"https:\/\/trustwonder.com\/wp-content\/uploads\/2019\/11\/Qui-sommes-nous-2-1024x578.png\" class=\"attachment-large size-large\" alt=\"\" loading=\"lazy\" srcset=\"https:\/\/trustwonder.com\/wp-content\/uploads\/2019\/11\/Qui-sommes-nous-2-1024x578.png 1024w, https:\/\/trustwonder.com\/wp-content\/uploads\/2019\/11\/Qui-sommes-nous-2-300x169.png 300w, https:\/\/trustwonder.com\/wp-content\/uploads\/2019\/11\/Qui-sommes-nous-2-768x434.png 768w, https:\/\/trustwonder.com\/wp-content\/uploads\/2019\/11\/Qui-sommes-nous-2-1536x867.png 1536w, https:\/\/trustwonder.com\/wp-content\/uploads\/2019\/11\/Qui-sommes-nous-2-1913x1080.png 1913w, https:\/\/trustwonder.com\/wp-content\/uploads\/2019\/11\/Qui-sommes-nous-2.png 2044w\" sizes=\"(max-width: 1024px) 100vw, 1024px\" \/>\t\t\t\t\t\t\t\t\t\t\t<\/div>\n\t\t\t\t<\/div>\n\t\t\t\t<\/div>\n\t\t\t\t\t\t<\/div>\n\t\t\t<\/div>\n\t\t<\/div>\n\t\t\t\t<div class=\"elementor-element elementor-element-7e110380 elementor-column elementor-col-50 elementor-top-column\" data-id=\"7e110380\" data-element_type=\"column\">\n\t\t\t<div class=\"elementor-column-wrap  elementor-element-populated\">\n\t\t\t\t\t<div class=\"elementor-widget-wrap\">\n\t\t\t\t<div class=\"elementor-element elementor-element-6faa8d6f elementor-widget elementor-widget-text-editor\" data-id=\"6faa8d6f\" data-element_type=\"widget\" data-widget_type=\"text-editor.default\">\n\t\t\t\t<div class=\"elementor-widget-container\">\n\t\t\t\t\t<div class=\"elementor-text-editor elementor-clearfix\"><p>Trustwonder mise avant tout sur la qualit\u00e9 de ses \u0153uvres et les veut diffusables \u00e0 un large public. Nous avons pour ambition de pr\u00e9senter des r\u00e9cits et des personnages porteurs de valeurs et d\u2019espoir. Des personnages qui deviendront peut-\u00eatre par la suite, des sources d\u2019inspiration chez nos spectateurs. Nous d\u00e9sirons proposer plus qu\u00b4un simple divertissement et souhaitons partager avec notre public ce qui nous motive en tant que chr\u00e9tiens. Nos r\u00e9alisations sont diffus\u00e9es en petites salles dans lesquelles nous rencontrons les spectateurs. Suite \u00e0 cela, une petite production de copies Blu-Ray Disc &amp; DVD est faite<\/p><\/div>\n\t\t\t\t<\/div>\n\t\t\t\t<\/div>\n\t\t\t\t\t\t<\/div>\n\t\t\t<\/div>\n\t\t<\/div>\n\t\t\t\t\t\t<\/div>\n\t\t\t<\/div>\n\t\t<\/section>\n\t\t\t\t\t\t<\/div>\n\t\t\t<\/div>\n\t\t<\/div>\n\t\t","protected":false},"excerpt":{"rendered":"<p>QUI SOMMES-NOUS ? Ce qui nous d\u00e9finit en premier ? Notre croyance en Dieu. Nous sommes chr\u00e9tiens, et d\u00e9sirons t\u00e9moigner de notre foi \u00e0 travers une passion commune, le cin\u00e9ma. Trustwonder, c\u2019est aussi une \u00e9quipe dynamique et active. N\u00e9e depuis quelques ann\u00e9es d\u00e9j\u00e0, elle rassemble des cin\u00e9astes amateurs qui ont r\u00e9alis\u00e9 diverses \u0153uvres audiovisuelles (principalement&hellip; <br \/> <a class=\"read-more\" href=\"https:\/\/trustwonder.com\/en\/qui-sommes-nous\/\">Read more<\/a><\/p>\n","protected":false},"author":1,"featured_media":0,"parent":0,"menu_order":0,"comment_status":"closed","ping_status":"closed","template":"","meta":[],"_links":{"self":[{"href":"https:\/\/trustwonder.com\/en\/wp-json\/wp\/v2\/pages\/59"}],"collection":[{"href":"https:\/\/trustwonder.com\/en\/wp-json\/wp\/v2\/pages"}],"about":[{"href":"https:\/\/trustwonder.com\/en\/wp-json\/wp\/v2\/types\/page"}],"author":[{"embeddable":true,"href":"https:\/\/trustwonder.com\/en\/wp-json\/wp\/v2\/users\/1"}],"replies":[{"embeddable":true,"href":"https:\/\/trustwonder.com\/en\/wp-json\/wp\/v2\/comments?post=59"}],"version-history":[{"count":3,"href":"https:\/\/trustwonder.com\/en\/wp-json\/wp\/v2\/pages\/59\/revisions"}],"predecessor-version":[{"id":848,"href":"https:\/\/trustwonder.com\/en\/wp-json\/wp\/v2\/pages\/59\/revisions\/848"}],"wp:attachment":[{"href":"https:\/\/trustwonder.com\/en\/wp-json\/wp\/v2\/media?parent=59"}],"curies":[{"name":"wp","href":"https:\/\/api.w.org\/{rel}","templated":true}]}}