{"id":95,"date":"2019-05-07T11:32:26","date_gmt":"2019-05-07T09:32:26","guid":{"rendered":"http:\/\/mehdiklein.com\/tw\/?page_id=95"},"modified":"2019-11-28T16:39:33","modified_gmt":"2019-11-28T15:39:33","slug":"a-laube-du-dernier-jour","status":"publish","type":"page","link":"https:\/\/trustwonder.com\/de\/a-laube-du-dernier-jour\/","title":{"rendered":"A L&#8217;AUBE DU DERNIER JOUR"},"content":{"rendered":"\t\t<div data-elementor-type=\"wp-post\" data-elementor-id=\"95\" class=\"elementor elementor-95\" data-elementor-settings=\"[]\">\n\t\t\t<div class=\"elementor-inner\">\n\t\t\t\t<div class=\"elementor-section-wrap\">\n\t\t\t\t\t\t\t<section class=\"elementor-element elementor-element-e0d1cd8 elementor-section-boxed elementor-section-height-default elementor-section-height-default elementor-section elementor-top-section\" data-id=\"e0d1cd8\" data-element_type=\"section\">\n\t\t\t\t\t\t<div class=\"elementor-container elementor-column-gap-default\">\n\t\t\t\t<div class=\"elementor-row\">\n\t\t\t\t<div class=\"elementor-element elementor-element-1d65f614 elementor-column elementor-col-100 elementor-top-column\" data-id=\"1d65f614\" data-element_type=\"column\">\n\t\t\t<div class=\"elementor-column-wrap  elementor-element-populated\">\n\t\t\t\t\t<div class=\"elementor-widget-wrap\">\n\t\t\t\t<div class=\"elementor-element elementor-element-6f7005df elementor-invisible elementor-widget elementor-widget-heading\" data-id=\"6f7005df\" data-element_type=\"widget\" data-settings=\"{&quot;_animation&quot;:&quot;fadeInRight&quot;}\" data-widget_type=\"heading.default\">\n\t\t\t\t<div class=\"elementor-widget-container\">\n\t\t\t<h3 class=\"elementor-heading-title elementor-size-default\">COURT-M\u00c9TRAGE - A L'AUBE DU DERNIER JOUR<\/h3>\t\t<\/div>\n\t\t\t\t<\/div>\n\t\t\t\t\t\t<\/div>\n\t\t\t<\/div>\n\t\t<\/div>\n\t\t\t\t\t\t<\/div>\n\t\t\t<\/div>\n\t\t<\/section>\n\t\t\t\t<section class=\"elementor-element elementor-element-7c2826b8 elementor-section-boxed elementor-section-height-default elementor-section-height-default elementor-section elementor-top-section\" data-id=\"7c2826b8\" data-element_type=\"section\">\n\t\t\t\t\t\t<div class=\"elementor-container elementor-column-gap-default\">\n\t\t\t\t<div class=\"elementor-row\">\n\t\t\t\t<div class=\"elementor-element elementor-element-2fcd36d0 elementor-column elementor-col-66 elementor-top-column\" data-id=\"2fcd36d0\" data-element_type=\"column\">\n\t\t\t<div class=\"elementor-column-wrap  elementor-element-populated\">\n\t\t\t\t\t<div class=\"elementor-widget-wrap\">\n\t\t\t\t<div class=\"elementor-element elementor-element-44b97042 elementor-widget elementor-widget-text-editor\" data-id=\"44b97042\" data-element_type=\"widget\" data-widget_type=\"text-editor.default\">\n\t\t\t\t<div class=\"elementor-widget-container\">\n\t\t\t\t\t<div class=\"elementor-text-editor elementor-clearfix\"><p>Un court-m\u00e9trage sur le th\u00e8me de la fin du monde annonc\u00e9e par les Mayas. Ambitieux ? Pour son deuxi\u00e8me court-m\u00e9trage, Jonathan Ott a \u00e9t\u00e9 r\u00e9compens\u00e9 lors du FCMCA (Festival du Court-M\u00e9trage Chr\u00e9tien d&#8217;Alsace) par le Prix du Public et le Prix des Meilleurs Effets Sonores.<\/p><p>21 d\u00e9cembre 2012, un tremblement de terre secoue subitement l\u2019ensemble des continents. Serait-ce la fin du monde annonc\u00e9e par les mayas ? Nous suivons la lutte d&#8217;un jeune homme qui cherche d\u00e9sesp\u00e9r\u00e9ment sa femme dans un h\u00f4tel en effondrement. Mais pourquoi ne peut-il la trouver ? L&#8217;apocalypse est proche.<\/p><\/div>\n\t\t\t\t<\/div>\n\t\t\t\t<\/div>\n\t\t\t\t\t\t<\/div>\n\t\t\t<\/div>\n\t\t<\/div>\n\t\t\t\t<div class=\"elementor-element elementor-element-135ec9fd elementor-column elementor-col-33 elementor-top-column\" data-id=\"135ec9fd\" data-element_type=\"column\">\n\t\t\t<div class=\"elementor-column-wrap  elementor-element-populated\">\n\t\t\t\t\t<div class=\"elementor-widget-wrap\">\n\t\t\t\t<div class=\"elementor-element elementor-element-4bb8a99f elementor-aspect-ratio-169 elementor-widget elementor-widget-video\" data-id=\"4bb8a99f\" data-element_type=\"widget\" data-settings=\"{&quot;aspect_ratio&quot;:&quot;169&quot;}\" data-widget_type=\"video.default\">\n\t\t\t\t<div class=\"elementor-widget-container\">\n\t\t\t\t\t<div class=\"elementor-wrapper elementor-fit-aspect-ratio elementor-open-inline\">\n\t\t\t<iframe class=\"elementor-video-iframe\" allowfullscreen title=\"youtube Video Player\" src=\"https:\/\/www.youtube.com\/embed\/_Jk3EskGk0w?feature=oembed&amp;start&amp;end&amp;wmode=opaque&amp;loop=0&amp;controls=1&amp;mute=0&amp;rel=0&amp;modestbranding=0\"><\/iframe>\t\t\t\t<div class=\"elementor-custom-embed-image-overlay\" style=\"background-image: url(https:\/\/trustwonder.com\/wp-content\/uploads\/2019\/11\/adj_tournage-pompiers.jpg);\">\n\t\t\t\t\t\t\t\t\t\t\t\t\t\t\t\t<div class=\"elementor-custom-embed-play\" role=\"button\">\n\t\t\t\t\t\t\t<i class=\"eicon-play\" aria-hidden=\"true\"><\/i>\n\t\t\t\t\t\t\t<span class=\"elementor-screen-only\">Video abspielen<\/span>\n\t\t\t\t\t\t<\/div>\n\t\t\t\t\t\t\t\t\t<\/div>\n\t\t\t\t\t<\/div>\n\t\t\t\t<\/div>\n\t\t\t\t<\/div>\n\t\t\t\t\t\t<\/div>\n\t\t\t<\/div>\n\t\t<\/div>\n\t\t\t\t\t\t<\/div>\n\t\t\t<\/div>\n\t\t<\/section>\n\t\t\t\t<section class=\"elementor-element elementor-element-201e79ed elementor-section-boxed elementor-section-height-default elementor-section-height-default elementor-section elementor-top-section\" data-id=\"201e79ed\" data-element_type=\"section\">\n\t\t\t\t\t\t<div class=\"elementor-container elementor-column-gap-default\">\n\t\t\t\t<div class=\"elementor-row\">\n\t\t\t\t<div class=\"elementor-element elementor-element-552b8241 elementor-column elementor-col-50 elementor-top-column\" data-id=\"552b8241\" data-element_type=\"column\">\n\t\t\t<div class=\"elementor-column-wrap  elementor-element-populated\">\n\t\t\t\t\t<div class=\"elementor-widget-wrap\">\n\t\t\t\t<div class=\"elementor-element elementor-element-6418b674 elementor-widget elementor-widget-image\" data-id=\"6418b674\" data-element_type=\"widget\" data-widget_type=\"image.default\">\n\t\t\t\t<div class=\"elementor-widget-container\">\n\t\t\t\t\t<div class=\"elementor-image\">\n\t\t\t\t\t\t\t\t\t\t<img width=\"600\" height=\"434\" src=\"https:\/\/trustwonder.com\/wp-content\/uploads\/2019\/11\/adj_film-scene.jpg\" class=\"attachment-large size-large\" alt=\"\" loading=\"lazy\" srcset=\"https:\/\/trustwonder.com\/wp-content\/uploads\/2019\/11\/adj_film-scene.jpg 600w, https:\/\/trustwonder.com\/wp-content\/uploads\/2019\/11\/adj_film-scene-300x217.jpg 300w\" sizes=\"(max-width: 600px) 100vw, 600px\" \/>\t\t\t\t\t\t\t\t\t\t\t<\/div>\n\t\t\t\t<\/div>\n\t\t\t\t<\/div>\n\t\t\t\t\t\t<\/div>\n\t\t\t<\/div>\n\t\t<\/div>\n\t\t\t\t<div class=\"elementor-element elementor-element-3284118 elementor-column elementor-col-50 elementor-top-column\" data-id=\"3284118\" data-element_type=\"column\">\n\t\t\t<div class=\"elementor-column-wrap  elementor-element-populated\">\n\t\t\t\t\t<div class=\"elementor-widget-wrap\">\n\t\t\t\t<div class=\"elementor-element elementor-element-4bdef0f1 elementor-widget elementor-widget-image\" data-id=\"4bdef0f1\" data-element_type=\"widget\" data-widget_type=\"image.default\">\n\t\t\t\t<div class=\"elementor-widget-container\">\n\t\t\t\t\t<div class=\"elementor-image\">\n\t\t\t\t\t\t\t\t\t\t<img width=\"200\" height=\"300\" src=\"https:\/\/trustwonder.com\/wp-content\/uploads\/2019\/11\/adj_maquillage-blesse-200x300.jpg\" class=\"attachment-medium size-medium\" alt=\"\" loading=\"lazy\" srcset=\"https:\/\/trustwonder.com\/wp-content\/uploads\/2019\/11\/adj_maquillage-blesse-200x300.jpg 200w, https:\/\/trustwonder.com\/wp-content\/uploads\/2019\/11\/adj_maquillage-blesse.jpg 400w\" sizes=\"(max-width: 200px) 100vw, 200px\" \/>\t\t\t\t\t\t\t\t\t\t\t<\/div>\n\t\t\t\t<\/div>\n\t\t\t\t<\/div>\n\t\t\t\t\t\t<\/div>\n\t\t\t<\/div>\n\t\t<\/div>\n\t\t\t\t\t\t<\/div>\n\t\t\t<\/div>\n\t\t<\/section>\n\t\t\t\t\t\t<\/div>\n\t\t\t<\/div>\n\t\t<\/div>\n\t\t","protected":false},"excerpt":{"rendered":"<p>COURT-M\u00c9TRAGE &#8211; A L&#8217;AUBE DU DERNIER JOUR Un court-m\u00e9trage sur le th\u00e8me de la fin du monde annonc\u00e9e par les Mayas. Ambitieux ? Pour son deuxi\u00e8me court-m\u00e9trage, Jonathan Ott a \u00e9t\u00e9 r\u00e9compens\u00e9 lors du FCMCA (Festival du Court-M\u00e9trage Chr\u00e9tien d&#8217;Alsace) par le Prix du Public et le Prix des Meilleurs Effets Sonores. 21 d\u00e9cembre 2012,&hellip; <br \/> <a class=\"read-more\" href=\"https:\/\/trustwonder.com\/de\/a-laube-du-dernier-jour\/\">Weiterlesen<\/a><\/p>\n","protected":false},"author":1,"featured_media":0,"parent":0,"menu_order":0,"comment_status":"closed","ping_status":"closed","template":"","meta":[],"_links":{"self":[{"href":"https:\/\/trustwonder.com\/de\/wp-json\/wp\/v2\/pages\/95"}],"collection":[{"href":"https:\/\/trustwonder.com\/de\/wp-json\/wp\/v2\/pages"}],"about":[{"href":"https:\/\/trustwonder.com\/de\/wp-json\/wp\/v2\/types\/page"}],"author":[{"embeddable":true,"href":"https:\/\/trustwonder.com\/de\/wp-json\/wp\/v2\/users\/1"}],"replies":[{"embeddable":true,"href":"https:\/\/trustwonder.com\/de\/wp-json\/wp\/v2\/comments?post=95"}],"version-history":[{"count":2,"href":"https:\/\/trustwonder.com\/de\/wp-json\/wp\/v2\/pages\/95\/revisions"}],"predecessor-version":[{"id":813,"href":"https:\/\/trustwonder.com\/de\/wp-json\/wp\/v2\/pages\/95\/revisions\/813"}],"wp:attachment":[{"href":"https:\/\/trustwonder.com\/de\/wp-json\/wp\/v2\/media?parent=95"}],"curies":[{"name":"wp","href":"https:\/\/api.w.org\/{rel}","templated":true}]}}