{"id":89,"date":"2019-05-07T11:30:11","date_gmt":"2019-05-07T09:30:11","guid":{"rendered":"http:\/\/mehdiklein.com\/tw\/?page_id=89"},"modified":"2022-10-04T00:06:49","modified_gmt":"2022-10-03T22:06:49","slug":"edahlion-en-cours","status":"publish","type":"page","link":"https:\/\/trustwonder.com\/de\/edahlion-en-cours\/","title":{"rendered":"EDAHLION (en cours)"},"content":{"rendered":"\t\t<div data-elementor-type=\"wp-post\" data-elementor-id=\"89\" class=\"elementor elementor-89\" data-elementor-settings=\"[]\">\n\t\t\t<div class=\"elementor-inner\">\n\t\t\t\t<div class=\"elementor-section-wrap\">\n\t\t\t\t\t\t\t<section class=\"elementor-element elementor-element-1f6785f animated-slow elementor-section-boxed elementor-section-height-default elementor-section-height-default elementor-invisible elementor-section elementor-top-section\" data-id=\"1f6785f\" data-element_type=\"section\" data-settings=\"{&quot;animation&quot;:&quot;fadeInDown&quot;}\">\n\t\t\t\t\t\t<div class=\"elementor-container elementor-column-gap-default\">\n\t\t\t\t<div class=\"elementor-row\">\n\t\t\t\t<div class=\"elementor-element elementor-element-25f6ddec elementor-column elementor-col-100 elementor-top-column\" data-id=\"25f6ddec\" data-element_type=\"column\">\n\t\t\t<div class=\"elementor-column-wrap  elementor-element-populated\">\n\t\t\t\t\t<div class=\"elementor-widget-wrap\">\n\t\t\t\t<div class=\"elementor-element elementor-element-72317025 elementor-widget elementor-widget-heading\" data-id=\"72317025\" data-element_type=\"widget\" data-widget_type=\"heading.default\">\n\t\t\t\t<div class=\"elementor-widget-container\">\n\t\t\t<h1 class=\"elementor-heading-title elementor-size-default\"><a href=\"https:\/\/edahlion.trustwonder.com\/\" target=\"_blank\">LONG-M\u00c9TRAGE - EDAHLION<\/a><\/h1>\t\t<\/div>\n\t\t\t\t<\/div>\n\t\t\t\t\t\t<\/div>\n\t\t\t<\/div>\n\t\t<\/div>\n\t\t\t\t\t\t<\/div>\n\t\t\t<\/div>\n\t\t<\/section>\n\t\t\t\t<section class=\"elementor-element elementor-element-6e7526a animated-slow elementor-section-boxed elementor-section-height-default elementor-section-height-default elementor-invisible elementor-section elementor-top-section\" data-id=\"6e7526a\" data-element_type=\"section\" data-settings=\"{&quot;animation&quot;:&quot;fadeIn&quot;}\">\n\t\t\t\t\t\t<div class=\"elementor-container elementor-column-gap-default\">\n\t\t\t\t<div class=\"elementor-row\">\n\t\t\t\t<div class=\"elementor-element elementor-element-30960c92 elementor-column elementor-col-66 elementor-top-column\" data-id=\"30960c92\" data-element_type=\"column\">\n\t\t\t<div class=\"elementor-column-wrap  elementor-element-populated\">\n\t\t\t\t\t<div class=\"elementor-widget-wrap\">\n\t\t\t\t<div class=\"elementor-element elementor-element-a8bc38b elementor-invisible elementor-widget elementor-widget-heading\" data-id=\"a8bc38b\" data-element_type=\"widget\" data-settings=\"{&quot;_animation&quot;:&quot;fadeInRight&quot;}\" data-widget_type=\"heading.default\">\n\t\t\t\t<div class=\"elementor-widget-container\">\n\t\t\t<h3 class=\"elementor-heading-title elementor-size-default\">SYNOPSIS<\/h3>\t\t<\/div>\n\t\t\t\t<\/div>\n\t\t\t\t<div class=\"elementor-element elementor-element-34d8623b elementor-widget elementor-widget-text-editor\" data-id=\"34d8623b\" data-element_type=\"widget\" data-widget_type=\"text-editor.default\">\n\t\t\t\t<div class=\"elementor-widget-container\">\n\t\t\t\t\t<div class=\"elementor-text-editor elementor-clearfix\"><p>Le roi d\u2019Edahlion a sombr\u00e9 dans la folie et laisse derri\u00e8re lui un royaume d\u00e9vast\u00e9. Ses habitants ont perdu la foi en le Protecteur, leur dieu qui, depuis, semble garder le silence. Ils vivent dans la crainte d\u2019une invasion des \u00ab&nbsp;n\u00e9cros*&nbsp;\u00bb&nbsp;: s\u00e9duits par le pouvoir de la sorcellerie, ces hommes d\u00e9chus forment \u00e0 pr\u00e9sent une arm\u00e9e invincible.<br>La guerre est imminente.<br>Vustan les hait du plus profond de son c\u0153ur, \u00e0 cause de la mort de ses parents. Il prend les armes pour venger l\u2019honneur familial et prot\u00e9ger son pays. Mais alors que l\u2019ennemi s\u00e8me la destruction autour de lui, Vustan doit faire face \u00e0 la noirceur de son propre c\u0153ur.<br>Sur sa route, des rencontres improbables et des miracles changeront sa vie \u00e0 tout jamais.<em><br><\/em><\/p><p><em>*<a href=\"https:\/\/trustwonder.com\/2019\/01\/23\/les-necros\/\">n\u00e9cromanciens<\/a>&nbsp;<\/em>\n<\/p><\/div>\n\t\t\t\t<\/div>\n\t\t\t\t<\/div>\n\t\t\t\t\t\t<\/div>\n\t\t\t<\/div>\n\t\t<\/div>\n\t\t\t\t<div class=\"elementor-element elementor-element-467cd20f elementor-column elementor-col-33 elementor-top-column\" data-id=\"467cd20f\" data-element_type=\"column\">\n\t\t\t<div class=\"elementor-column-wrap  elementor-element-populated\">\n\t\t\t\t\t<div class=\"elementor-widget-wrap\">\n\t\t\t\t<div class=\"elementor-element elementor-element-6f73f41a elementor-widget elementor-widget-image\" data-id=\"6f73f41a\" data-element_type=\"widget\" data-widget_type=\"image.default\">\n\t\t\t\t<div class=\"elementor-widget-container\">\n\t\t\t\t\t<div class=\"elementor-image\">\n\t\t\t\t\t\t\t\t\t\t<img width=\"960\" height=\"640\" src=\"https:\/\/trustwonder.com\/wp-content\/uploads\/2019\/11\/synopsys.jpg\" class=\"attachment-large size-large\" alt=\"\" loading=\"lazy\" srcset=\"https:\/\/trustwonder.com\/wp-content\/uploads\/2019\/11\/synopsys.jpg 960w, https:\/\/trustwonder.com\/wp-content\/uploads\/2019\/11\/synopsys-300x200.jpg 300w, https:\/\/trustwonder.com\/wp-content\/uploads\/2019\/11\/synopsys-768x512.jpg 768w\" sizes=\"(max-width: 960px) 100vw, 960px\" \/>\t\t\t\t\t\t\t\t\t\t\t<\/div>\n\t\t\t\t<\/div>\n\t\t\t\t<\/div>\n\t\t\t\t\t\t<\/div>\n\t\t\t<\/div>\n\t\t<\/div>\n\t\t\t\t\t\t<\/div>\n\t\t\t<\/div>\n\t\t<\/section>\n\t\t\t\t<section class=\"elementor-element elementor-element-342022ba animated-slow elementor-section-boxed elementor-section-height-default elementor-section-height-default elementor-invisible elementor-section elementor-top-section\" data-id=\"342022ba\" data-element_type=\"section\" data-settings=\"{&quot;animation&quot;:&quot;fadeIn&quot;}\">\n\t\t\t\t\t\t<div class=\"elementor-container elementor-column-gap-default\">\n\t\t\t\t<div class=\"elementor-row\">\n\t\t\t\t<div class=\"elementor-element elementor-element-1e3bced2 elementor-column elementor-col-33 elementor-top-column\" data-id=\"1e3bced2\" data-element_type=\"column\">\n\t\t\t<div class=\"elementor-column-wrap  elementor-element-populated\">\n\t\t\t\t\t<div class=\"elementor-widget-wrap\">\n\t\t\t\t<div class=\"elementor-element elementor-element-227dac7 elementor-widget elementor-widget-image\" data-id=\"227dac7\" data-element_type=\"widget\" data-widget_type=\"image.default\">\n\t\t\t\t<div class=\"elementor-widget-container\">\n\t\t\t\t\t<div class=\"elementor-image\">\n\t\t\t\t\t\t\t\t\t\t<img width=\"960\" height=\"640\" src=\"https:\/\/trustwonder.com\/wp-content\/uploads\/2019\/11\/tirewere.jpg\" class=\"attachment-large size-large\" alt=\"\" loading=\"lazy\" srcset=\"https:\/\/trustwonder.com\/wp-content\/uploads\/2019\/11\/tirewere.jpg 960w, https:\/\/trustwonder.com\/wp-content\/uploads\/2019\/11\/tirewere-300x200.jpg 300w, https:\/\/trustwonder.com\/wp-content\/uploads\/2019\/11\/tirewere-768x512.jpg 768w\" sizes=\"(max-width: 960px) 100vw, 960px\" \/>\t\t\t\t\t\t\t\t\t\t\t<\/div>\n\t\t\t\t<\/div>\n\t\t\t\t<\/div>\n\t\t\t\t\t\t<\/div>\n\t\t\t<\/div>\n\t\t<\/div>\n\t\t\t\t<div class=\"elementor-element elementor-element-42f97ea elementor-column elementor-col-66 elementor-top-column\" data-id=\"42f97ea\" data-element_type=\"column\">\n\t\t\t<div class=\"elementor-column-wrap  elementor-element-populated\">\n\t\t\t\t\t<div class=\"elementor-widget-wrap\">\n\t\t\t\t<div class=\"elementor-element elementor-element-549487f3 elementor-invisible elementor-widget elementor-widget-heading\" data-id=\"549487f3\" data-element_type=\"widget\" data-settings=\"{&quot;_animation&quot;:&quot;fadeInRight&quot;}\" data-widget_type=\"heading.default\">\n\t\t\t\t<div class=\"elementor-widget-container\">\n\t\t\t<h3 class=\"elementor-heading-title elementor-size-default\">UN FILM NAISSANT<\/h3>\t\t<\/div>\n\t\t\t\t<\/div>\n\t\t\t\t<div class=\"elementor-element elementor-element-1cf8ffdf elementor-widget elementor-widget-text-editor\" data-id=\"1cf8ffdf\" data-element_type=\"widget\" data-widget_type=\"text-editor.default\">\n\t\t\t\t<div class=\"elementor-widget-container\">\n\t\t\t\t\t<div class=\"elementor-text-editor elementor-clearfix\"><p><em>Edahlion, le Royaume Orphelin<\/em> est un long-m\u00e9trage r\u00e9alis\u00e9 par des passionn\u00e9s, dont l\u2019histoire se d\u00e9ploie dans un univers m\u00e9di\u00e9val-fantastique. En 2010, l\u2019id\u00e9e d\u2019un long-m\u00e9trage germait, sonnant le top d\u00e9part d\u2019un travail de plus de deux ans d\u2019\u00e9criture du sc\u00e9nario. D\u00e8s janvier 2013, les castings d\u00e9butent pour recruter les acteurs principaux. C\u2019est le d\u00e9but d\u2019une grande aventure.<\/p><p>Pour en savoir plus sur les d\u00e9buts du projet :<br \/><a href=\"https:\/\/trustwonder.com\/2019\/01\/25\/naissance-dun-audacieux-projet-edahlion-1-2\/\">La rencontre de Michel et Jonathan, le travail du sc\u00e9nario<\/a><br \/><a href=\"https:\/\/trustwonder.com\/2019\/01\/26\/naissance-dun-audacieux-projet-edahlion-2-2\/\">L&#8217;\u00e9quipe technique et la post-production<\/a><\/p><\/div>\n\t\t\t\t<\/div>\n\t\t\t\t<\/div>\n\t\t\t\t\t\t<\/div>\n\t\t\t<\/div>\n\t\t<\/div>\n\t\t\t\t\t\t<\/div>\n\t\t\t<\/div>\n\t\t<\/section>\n\t\t\t\t<section class=\"elementor-element elementor-element-6e0f06a3 animated-slow elementor-section-boxed elementor-section-height-default elementor-section-height-default elementor-invisible elementor-section elementor-top-section\" data-id=\"6e0f06a3\" data-element_type=\"section\" data-settings=\"{&quot;animation&quot;:&quot;fadeIn&quot;}\">\n\t\t\t\t\t\t<div class=\"elementor-container elementor-column-gap-default\">\n\t\t\t\t<div class=\"elementor-row\">\n\t\t\t\t<div class=\"elementor-element elementor-element-4742340c elementor-column elementor-col-100 elementor-top-column\" data-id=\"4742340c\" data-element_type=\"column\">\n\t\t\t<div class=\"elementor-column-wrap  elementor-element-populated\">\n\t\t\t\t\t<div class=\"elementor-widget-wrap\">\n\t\t\t\t<div class=\"elementor-element elementor-element-5a66e536 elementor-invisible elementor-widget elementor-widget-heading\" data-id=\"5a66e536\" data-element_type=\"widget\" data-settings=\"{&quot;_animation&quot;:&quot;fadeInRight&quot;}\" data-widget_type=\"heading.default\">\n\t\t\t\t<div class=\"elementor-widget-container\">\n\t\t\t<h3 class=\"elementor-heading-title elementor-size-default\">UN CASTING PARTICULIER<\/h3>\t\t<\/div>\n\t\t\t\t<\/div>\n\t\t\t\t<div class=\"elementor-element elementor-element-78f09dde elementor-widget elementor-widget-text-editor\" data-id=\"78f09dde\" data-element_type=\"widget\" data-widget_type=\"text-editor.default\">\n\t\t\t\t<div class=\"elementor-widget-container\">\n\t\t\t\t\t<div class=\"elementor-text-editor elementor-clearfix\"><p>Une \u00e9quipe s\u2019est alors constitu\u00e9e, rassemblant des passionn\u00e9s dans diff\u00e9rents domaines. Avec un budget de 15 000 \u20ac et plus de 500 personnes ayant particip\u00e9 \u00e0 ce jour, ce projet est une r\u00e9elle aventure humaine. Au cours des tournages, des relations se cr\u00e9ent et le bouche-\u00e0-oreille permet de rassembler les musiciens celtiques du groupe\u00a0<a href=\"https:\/\/excalembour.fr\/\">Excalembour<\/a>, ou encore des m\u00e9di\u00e9vistes sachant manier l\u2019\u00e9p\u00e9e. La r\u00e9alisation de ce film, financ\u00e9 par des fonds priv\u00e9s, est bas\u00e9e uniquement sur le volontariat et le b\u00e9n\u00e9volat. La sortie du long-m\u00e9trage est pr\u00e9vue pour 2022.<\/p><p>D\u00e9couvrez plus en d\u00e9tail\u00a0<a href=\"https:\/\/trustwonder.com\/partenaires\/\">nos partenaires !<\/a><\/p><\/div>\n\t\t\t\t<\/div>\n\t\t\t\t<\/div>\n\t\t\t\t<div class=\"elementor-element elementor-element-11b4423a elementor-invisible elementor-widget elementor-widget-heading\" data-id=\"11b4423a\" data-element_type=\"widget\" data-settings=\"{&quot;_animation&quot;:&quot;fadeInRight&quot;}\" data-widget_type=\"heading.default\">\n\t\t\t\t<div class=\"elementor-widget-container\">\n\t\t\t<h3 class=\"elementor-heading-title elementor-size-default\">UN PROJET MADE IN ALSACE<\/h3>\t\t<\/div>\n\t\t\t\t<\/div>\n\t\t\t\t<div class=\"elementor-element elementor-element-3d1e833f elementor-widget elementor-widget-text-editor\" data-id=\"3d1e833f\" data-element_type=\"widget\" data-widget_type=\"text-editor.default\">\n\t\t\t\t<div class=\"elementor-widget-container\">\n\t\t\t\t\t<div class=\"elementor-text-editor elementor-clearfix\"><p>Quant aux lieux, c\u2019est en Alsace que nous les trouvons pour la plupart. Des for\u00eats aux plaines du Ried, en passant par le\u00a0<a href=\"https:\/\/trustwonder.com\/2019\/01\/16\/oracles-04-10-15\/\">Mont Saint-Odile<\/a>, la diversit\u00e9 des paysages offerts par cette r\u00e9gion est impressionnante. Par exemple, les ch\u00e2teaux du\u00a0<a href=\"https:\/\/trustwonder.com\/2019\/01\/10\/lhymne-30-08-15\/\">Bernstein<\/a>, du\u00a0<a href=\"https:\/\/trustwonder.com\/2019\/01\/08\/larrivee-a-edahlion-25-08-15\/\">Wangenbourg<\/a>, du\u00a0<a href=\"https:\/\/trustwonder.com\/2019\/01\/07\/le-discours-de-vustan-22-08-15\/\">Lichtenberg<\/a>, L\u2019exp\u00e9ridr\u00f4me de Niederbronn-Les-Bains, la Tannhutte de Breitenbach, la prairie de Cleebourg, un <a href=\"https:\/\/trustwonder.com\/2019\/01\/15\/karb-et-guilia-03-10-15\/\">village viking<\/a> \u00e0 Herrlisheim, ou encore la vieille grange d\u2019une b\u00e2tisse construite avant-guerre de Ch\u00e2tenois auront accueilli l\u2019\u00e9quipe de tournage.<\/p><\/div>\n\t\t\t\t<\/div>\n\t\t\t\t<\/div>\n\t\t\t\t\t\t<\/div>\n\t\t\t<\/div>\n\t\t<\/div>\n\t\t\t\t\t\t<\/div>\n\t\t\t<\/div>\n\t\t<\/section>\n\t\t\t\t<section class=\"elementor-element elementor-element-71889af elementor-section-boxed elementor-section-height-default elementor-section-height-default elementor-section elementor-top-section\" data-id=\"71889af\" data-element_type=\"section\" data-settings=\"{&quot;shape_divider_top&quot;:&quot;mountains&quot;,&quot;shape_divider_bottom&quot;:&quot;mountains&quot;}\">\n\t\t\t\t\t<div class=\"elementor-shape elementor-shape-top\" data-negative=\"false\">\n\t\t\t<svg xmlns=\"http:\/\/www.w3.org\/2000\/svg\" viewBox=\"0 0 1000 100\" preserveAspectRatio=\"none\">\n\t<path class=\"elementor-shape-fill\" opacity=\"0.33\" d=\"M473,67.3c-203.9,88.3-263.1-34-320.3,0C66,119.1,0,59.7,0,59.7V0h1000v59.7 c0,0-62.1,26.1-94.9,29.3c-32.8,3.3-62.8-12.3-75.8-22.1C806,49.6,745.3,8.7,694.9,4.7S492.4,59,473,67.3z\"\/>\n\t<path class=\"elementor-shape-fill\" opacity=\"0.66\" d=\"M734,67.3c-45.5,0-77.2-23.2-129.1-39.1c-28.6-8.7-150.3-10.1-254,39.1 s-91.7-34.4-149.2,0C115.7,118.3,0,39.8,0,39.8V0h1000v36.5c0,0-28.2-18.5-92.1-18.5C810.2,18.1,775.7,67.3,734,67.3z\"\/>\n\t<path class=\"elementor-shape-fill\" d=\"M766.1,28.9c-200-57.5-266,65.5-395.1,19.5C242,1.8,242,5.4,184.8,20.6C128,35.8,132.3,44.9,89.9,52.5C28.6,63.7,0,0,0,0 h1000c0,0-9.9,40.9-83.6,48.1S829.6,47,766.1,28.9z\"\/>\n<\/svg>\t\t<\/div>\n\t\t\t\t<div class=\"elementor-shape elementor-shape-bottom\" data-negative=\"false\">\n\t\t\t<svg xmlns=\"http:\/\/www.w3.org\/2000\/svg\" viewBox=\"0 0 1000 100\" preserveAspectRatio=\"none\">\n\t<path class=\"elementor-shape-fill\" opacity=\"0.33\" d=\"M473,67.3c-203.9,88.3-263.1-34-320.3,0C66,119.1,0,59.7,0,59.7V0h1000v59.7 c0,0-62.1,26.1-94.9,29.3c-32.8,3.3-62.8-12.3-75.8-22.1C806,49.6,745.3,8.7,694.9,4.7S492.4,59,473,67.3z\"\/>\n\t<path class=\"elementor-shape-fill\" opacity=\"0.66\" d=\"M734,67.3c-45.5,0-77.2-23.2-129.1-39.1c-28.6-8.7-150.3-10.1-254,39.1 s-91.7-34.4-149.2,0C115.7,118.3,0,39.8,0,39.8V0h1000v36.5c0,0-28.2-18.5-92.1-18.5C810.2,18.1,775.7,67.3,734,67.3z\"\/>\n\t<path class=\"elementor-shape-fill\" d=\"M766.1,28.9c-200-57.5-266,65.5-395.1,19.5C242,1.8,242,5.4,184.8,20.6C128,35.8,132.3,44.9,89.9,52.5C28.6,63.7,0,0,0,0 h1000c0,0-9.9,40.9-83.6,48.1S829.6,47,766.1,28.9z\"\/>\n<\/svg>\t\t<\/div>\n\t\t\t\t\t<div class=\"elementor-container elementor-column-gap-default\">\n\t\t\t\t<div class=\"elementor-row\">\n\t\t\t\t<div class=\"elementor-element elementor-element-7dd8798 elementor-column elementor-col-100 elementor-top-column\" data-id=\"7dd8798\" data-element_type=\"column\">\n\t\t\t<div class=\"elementor-column-wrap  elementor-element-populated\">\n\t\t\t\t\t<div class=\"elementor-widget-wrap\">\n\t\t\t\t<div class=\"elementor-element elementor-element-92ab7cd elementor-align-center elementor-widget elementor-widget-button\" data-id=\"92ab7cd\" data-element_type=\"widget\" data-widget_type=\"button.default\">\n\t\t\t\t<div class=\"elementor-widget-container\">\n\t\t\t\t\t<div class=\"elementor-button-wrapper\">\n\t\t\t<a href=\"https:\/\/edahlion.trustwonder.com\/\" target=\"_blank\" class=\"elementor-button-link elementor-button elementor-size-sm\" role=\"button\">\n\t\t\t\t\t\t<span class=\"elementor-button-content-wrapper\">\n\t\t\t\t\t\t<span class=\"elementor-button-icon elementor-align-icon-left\">\n\t\t\t\t<i aria-hidden=\"true\" class=\"fas fa-globe-africa\"><\/i>\t\t\t<\/span>\n\t\t\t\t\t\t<span class=\"elementor-button-text\">Visiter le site internet du film<\/span>\n\t\t<\/span>\n\t\t\t\t\t<\/a>\n\t\t<\/div>\n\t\t\t\t<\/div>\n\t\t\t\t<\/div>\n\t\t\t\t\t\t<\/div>\n\t\t\t<\/div>\n\t\t<\/div>\n\t\t\t\t\t\t<\/div>\n\t\t\t<\/div>\n\t\t<\/section>\n\t\t\t\t\t\t<\/div>\n\t\t\t<\/div>\n\t\t<\/div>\n\t\t","protected":false},"excerpt":{"rendered":"<p>LONG-M\u00c9TRAGE &#8211; EDAHLION SYNOPSIS Le roi d\u2019Edahlion a sombr\u00e9 dans la folie et laisse derri\u00e8re lui un royaume d\u00e9vast\u00e9. Ses habitants ont perdu la foi en le Protecteur, leur dieu qui, depuis, semble garder le silence. Ils vivent dans la crainte d\u2019une invasion des \u00ab&nbsp;n\u00e9cros*&nbsp;\u00bb&nbsp;: s\u00e9duits par le pouvoir de la sorcellerie, ces hommes d\u00e9chus&hellip; <br \/> <a class=\"read-more\" href=\"https:\/\/trustwonder.com\/de\/edahlion-en-cours\/\">Weiterlesen<\/a><\/p>\n","protected":false},"author":1,"featured_media":0,"parent":0,"menu_order":0,"comment_status":"closed","ping_status":"closed","template":"","meta":[],"_links":{"self":[{"href":"https:\/\/trustwonder.com\/de\/wp-json\/wp\/v2\/pages\/89"}],"collection":[{"href":"https:\/\/trustwonder.com\/de\/wp-json\/wp\/v2\/pages"}],"about":[{"href":"https:\/\/trustwonder.com\/de\/wp-json\/wp\/v2\/types\/page"}],"author":[{"embeddable":true,"href":"https:\/\/trustwonder.com\/de\/wp-json\/wp\/v2\/users\/1"}],"replies":[{"embeddable":true,"href":"https:\/\/trustwonder.com\/de\/wp-json\/wp\/v2\/comments?post=89"}],"version-history":[{"count":27,"href":"https:\/\/trustwonder.com\/de\/wp-json\/wp\/v2\/pages\/89\/revisions"}],"predecessor-version":[{"id":918,"href":"https:\/\/trustwonder.com\/de\/wp-json\/wp\/v2\/pages\/89\/revisions\/918"}],"wp:attachment":[{"href":"https:\/\/trustwonder.com\/de\/wp-json\/wp\/v2\/media?parent=89"}],"curies":[{"name":"wp","href":"https:\/\/api.w.org\/{rel}","templated":true}]}}